{"id":8,"date":"2024-03-08T18:01:37","date_gmt":"2024-03-08T18:01:37","guid":{"rendered":"https:\/\/acacau.com\/?page_id=8"},"modified":"2025-03-26T16:08:16","modified_gmt":"2025-03-26T16:08:16","slug":"home","status":"publish","type":"page","link":"https:\/\/acacau.com\/en\/","title":{"rendered":""},"content":{"rendered":"<div class=\"wp-block-group has-background\" style=\"background-color:#ffe6be\"><div class=\"wp-block-group__inner-container is-layout-constrained wp-block-group-is-layout-constrained\">\n<div class=\"wp-block-group bar has-background\" style=\"background-color:#ce6c0e;padding-top:10px;padding-right:var(--wp--preset--spacing--30);padding-bottom:10px;padding-left:var(--wp--preset--spacing--30)\"><div class=\"wp-block-group__inner-container is-layout-constrained wp-container-core-group-is-layout-4e18a38b wp-block-group-is-layout-constrained\">\n<div class=\"wp-block-group bar-content is-content-justification-right is-nowrap is-layout-flex wp-container-core-group-is-layout-fd526d70 wp-block-group-is-layout-flex\">\n<p class=\"has-text-color has-link-color wp-elements-c0cff13e448292118d1788f76ca8d635\" style=\"color:#fff1e6;font-size:14px;font-style:normal;font-weight:600\"><a href=\"\/en\/condicoes-reserva\/\">Servi\u00e7o dispon\u00edvel em:\u00a0 Lisboa, Oeiras, Cascais e Set\u00fabal!<\/a><\/p>\n<\/div>\n<\/div><\/div>\n\n\n\n<div class=\"wp-block-stackable-button-group stk-block-button-group stk-block stk-6508f7e stk-block-background\" data-block-id=\"6508f7e\"><style>.stk-6508f7e{background-color:#fff1e6 !important;border-top-left-radius:50px !important;border-top-right-radius:50px !important;border-bottom-right-radius:50px !important;border-bottom-left-radius:50px !important;overflow:hidden !important;padding-top:4px !important;padding-right:10px !important;padding-bottom:4px !important;padding-left:4px !important;margin-top:24px !important}.stk-6508f7e:before{background-color:#fff1e6 !important}@media screen and (max-width:767px){.stk-6508f7e{border-top-left-radius:15px !important;border-top-right-radius:15px !important;border-bottom-right-radius:15px !important;border-bottom-left-radius:15px !important;overflow:hidden !important;max-width:100% !important}.stk-6508f7e .stk-button-group{flex-wrap:wrap !important}}<\/style><style class=\"stk-custom-css\">.stk-6508f7e.stk-block-button-group{mix-blend-mode:multiply !important;display:inline-block !important}<\/style><div class=\"stk-row stk-inner-blocks has-text-align-left stk-block-content stk-button-group\">\n<div class=\"wp-block-stackable-button stk-block-button stk-block stk-578c121\" data-block-id=\"578c121\"><style>.stk-578c121 .stk-button{padding-top:2px !important;padding-right:10px !important;padding-bottom:2px !important;padding-left:10px !important;background:#ffffff08 !important;border-top-left-radius:30px !important;border-top-right-radius:30px !important;border-bottom-right-radius:30px !important;border-bottom-left-radius:30px !important}.stk-578c121 .stk-button:hover .stk--inner-svg svg:last-child{transform:rotate(0deg) !important}.stk-578c121 .stk-button .stk--inner-svg svg:last-child,.stk-578c121 .stk-button .stk--inner-svg svg:last-child :is(g,path,rect,polygon,ellipse){fill:#ce6c0e !important}.stk-578c121 .stk-button__inner-text{color:#ce6c0e !important}<\/style><a class=\"stk-link stk-button stk--hover-effect-darken\" href=\"https:\/\/www.instagram.com\/acacau.chef\" target=\"_blank\" rel=\"noreferrer noopener\"><span class=\"has-text-color stk-button__inner-text\">Follow me on Instagram!<\/span><span class=\"stk--svg-wrapper\"><div class=\"stk--inner-svg\"><svg xmlns=\"http:\/\/www.w3.org\/2000\/svg\" viewbox=\"0 0 448 512\" aria-hidden=\"true\" width=\"32\" height=\"32\"><path d=\"M224.1 141c-63.6 0-114.9 51.3-114.9 114.9s51.3 114.9 114.9 114.9S339 319.5 339 255.9 287.7 141 224.1 141zm0 189.6c-41.1 0-74.7-33.5-74.7-74.7s33.5-74.7 74.7-74.7 74.7 33.5 74.7 74.7-33.6 74.7-74.7 74.7zm146.4-194.3c0 14.9-12 26.8-26.8 26.8-14.9 0-26.8-12-26.8-26.8s12-26.8 26.8-26.8 26.8 12 26.8 26.8zm76.1 27.2c-1.7-35.9-9.9-67.7-36.2-93.9-26.2-26.2-58-34.4-93.9-36.2-37-2.1-147.9-2.1-184.9 0-35.8 1.7-67.6 9.9-93.9 36.1s-34.4 58-36.2 93.9c-2.1 37-2.1 147.9 0 184.9 1.7 35.9 9.9 67.7 36.2 93.9s58 34.4 93.9 36.2c37 2.1 147.9 2.1 184.9 0 35.9-1.7 67.7-9.9 93.9-36.2 26.2-26.2 34.4-58 36.2-93.9 2.1-37 2.1-147.8 0-184.8zM398.8 388c-7.8 19.6-22.9 34.7-42.6 42.6-29.5 11.7-99.5 9-132.1 9s-102.7 2.6-132.1-9c-19.6-7.8-34.7-22.9-42.6-42.6-11.7-29.5-9-99.5-9-132.1s-2.6-102.7 9-132.1c7.8-19.6 22.9-34.7 42.6-42.6 29.5-11.7 99.5-9 132.1-9s102.7-2.6 132.1 9c19.6 7.8 34.7 22.9 42.6 42.6 11.7 29.5 9 99.5 9 132.1s2.7 102.7-9 132.1z\"><\/path><\/svg><\/div><\/span><\/a><\/div>\n<\/div><\/div>\n\n\n\n<h2 class=\"wp-block-heading\" style=\"font-size:60px\">Bringing Lively Flavors to Your Home<\/h2>\n\n\n\n<p>A gastronomic experience for groups of 10-15 people, right in your home. From preparation to service, with stories along the way.<\/p>\n\n\n\n<p class=\"translation-block\">The <strong>Mam\u00e9<\/strong> or <strong>Canua <\/strong><strong>menus<\/strong>, full of rich African flavors, are the perfect choices for a <strong>memorable experience.<\/strong><\/p>\n\n\n\n<div class=\"wp-block-buttons is-layout-flex wp-block-buttons-is-layout-flex\">\n<div class=\"wp-block-button is-style-outline is-style-outline--1\"><a class=\"wp-block-button__link wp-element-button\" href=\"\/en\/menu\/\" style=\"border-radius:8px\">Menus<\/a><\/div>\n\n\n\n<div class=\"wp-block-button\"><a class=\"wp-block-button__link has-white-color has-text-color has-background has-link-color wp-element-button\" href=\"\/en\/reservas\/\" style=\"border-radius:8px;background-color:#0e8e60\">Book now<\/a><\/div>\n<\/div>\n\n\n\n<p><\/p>\n<\/div><\/div>","protected":false},"excerpt":{"rendered":"<p>Servi\u00e7o dispon\u00edvel em:\u00a0 Lisboa, Oeiras, Cascais e Set\u00fabal! Segue-me no Instagram! Sabores com Vida em sua casa Experi\u00eancia gastron\u00f3mica para grupos de 10-15 pessoas, em sua casa, desde a prepara\u00e7\u00e3o ao servi\u00e7o com hist\u00f3rias. Menu Mam\u00e9 ou Canua, plenos em sabores da cozinha Africana, s\u00e3o os menus ideais para uma experi\u00eancia memor\u00e1vel.<\/p>\n<p><a class=\"moretag\" href=\"https:\/\/acacau.com\/en\/\">Read more<\/a><\/p>","protected":false},"author":1,"featured_media":439,"parent":0,"menu_order":0,"comment_status":"closed","ping_status":"closed","template":"","meta":{"footnotes":""},"class_list":["post-8","page","type-page","status-publish","has-post-thumbnail","hentry"],"featured_image_urls":{"full":["https:\/\/acacau.com\/wp-content\/uploads\/2024\/09\/Ti_cozinha3.jpg",1652,2477,false],"thumbnail":["https:\/\/acacau.com\/wp-content\/uploads\/2024\/09\/Ti_cozinha3-150x150.jpg",150,150,true],"medium":["https:\/\/acacau.com\/wp-content\/uploads\/2024\/09\/Ti_cozinha3-200x300.jpg",200,300,true],"medium_large":["https:\/\/acacau.com\/wp-content\/uploads\/2024\/09\/Ti_cozinha3-768x1152.jpg",640,960,true],"large":["https:\/\/acacau.com\/wp-content\/uploads\/2024\/09\/Ti_cozinha3-683x1024.jpg",640,960,true],"1536x1536":["https:\/\/acacau.com\/wp-content\/uploads\/2024\/09\/Ti_cozinha3-1024x1536.jpg",1024,1536,true],"2048x2048":["https:\/\/acacau.com\/wp-content\/uploads\/2024\/09\/Ti_cozinha3-1366x2048.jpg",1366,2048,true],"trp-custom-language-flag":["https:\/\/acacau.com\/wp-content\/uploads\/2024\/09\/Ti_cozinha3.jpg",8,12,false],"aperitive-search-thumb":["https:\/\/acacau.com\/wp-content\/uploads\/2024\/09\/Ti_cozinha3-200x300.jpg",200,300,true]},"post_excerpt_stackable":"<p>Servi\u00e7o dispon\u00edvel em:\u00a0 Lisboa, Oeiras, Cascais e Set\u00fabal! Segue-me no Instagram! Sabores com Vida em sua casa Experi\u00eancia gastron\u00f3mica para grupos de 10-15 pessoas, em sua casa, desde a prepara\u00e7\u00e3o ao servi\u00e7o com hist\u00f3rias. Menu Mam\u00e9 ou Canua, plenos em sabores da cozinha Africana, s\u00e3o os menus ideais para uma experi\u00eancia memor\u00e1vel. Menus Reservar J\u00e1<\/p>\n","category_list":"","author_info":{"name":"fernanda","url":"https:\/\/acacau.com\/en\/author\/fernanda\/"},"comments_num":"0 comments","_links":{"self":[{"href":"https:\/\/acacau.com\/en\/wp-json\/wp\/v2\/pages\/8","targetHints":{"allow":["GET"]}}],"collection":[{"href":"https:\/\/acacau.com\/en\/wp-json\/wp\/v2\/pages"}],"about":[{"href":"https:\/\/acacau.com\/en\/wp-json\/wp\/v2\/types\/page"}],"author":[{"embeddable":true,"href":"https:\/\/acacau.com\/en\/wp-json\/wp\/v2\/users\/1"}],"replies":[{"embeddable":true,"href":"https:\/\/acacau.com\/en\/wp-json\/wp\/v2\/comments?post=8"}],"version-history":[{"count":55,"href":"https:\/\/acacau.com\/en\/wp-json\/wp\/v2\/pages\/8\/revisions"}],"predecessor-version":[{"id":610,"href":"https:\/\/acacau.com\/en\/wp-json\/wp\/v2\/pages\/8\/revisions\/610"}],"wp:featuredmedia":[{"embeddable":true,"href":"https:\/\/acacau.com\/en\/wp-json\/wp\/v2\/media\/439"}],"wp:attachment":[{"href":"https:\/\/acacau.com\/en\/wp-json\/wp\/v2\/media?parent=8"}],"curies":[{"name":"wp","href":"https:\/\/api.w.org\/{rel}","templated":true}]}}