{"id":39,"date":"2024-03-12T11:34:59","date_gmt":"2024-03-12T11:34:59","guid":{"rendered":"https:\/\/acacau.com\/?page_id=39"},"modified":"2024-11-13T11:39:48","modified_gmt":"2024-11-13T11:39:48","slug":"menus","status":"publish","type":"page","link":"https:\/\/acacau.com\/en\/menus\/","title":{"rendered":"Menus"},"content":{"rendered":"<div style=\"height:45px\" aria-hidden=\"true\" class=\"wp-block-spacer\"><\/div>\n\n\n\n<div class=\"wp-block-buttons is-content-justification-center is-layout-flex wp-container-core-buttons-is-layout-16018d1d wp-block-buttons-is-layout-flex\">\n<div class=\"wp-block-button\"><a class=\"wp-block-button__link has-white-color has-text-color has-background has-link-color wp-element-button\" href=\"\/en\/reservas\/\" style=\"border-radius:12px;background-color:#0e8e60\">Book now<\/a><\/div>\n<\/div>\n\n\n\n<div style=\"height:50px\" aria-hidden=\"true\" class=\"wp-block-spacer\"><\/div>\n\n\n\n<div class=\"wp-block-stackable-text stk-block-text stk-block stk-d2e4796\" data-block-id=\"d2e4796\"><style>.stk-d2e4796 .stk-block-text__text{font-size:12px !important}@media screen and (max-width:1023px){.stk-d2e4796 .stk-block-text__text{font-size:12px !important}}<\/style><p class=\"stk-block-text__text translation-block\">The <strong>Mam\u00e9 and Canua menus <\/strong>include <strong>appetizers <\/strong>(shrimp rissois, croquettes, and past\u00e9is de massa tenra), a <strong>main course of your choice<\/strong>, and <strong>one dessert.<\/strong><\/p><\/div>","protected":false},"excerpt":{"rendered":"<p class=\"translation-block\">The <strong>Mam\u00e9 and Canua menus <\/strong>include <strong>appetizers <\/strong>(shrimp rissois, croquettes, and past\u00e9is de massa tenra), a <strong>main course of your choice<\/strong>, and <strong>one dessert.<\/strong><\/p>\n<p><a class=\"moretag\" href=\"https:\/\/acacau.com\/en\/menus\/\">Read more<\/a><\/p>","protected":false},"author":1,"featured_media":68,"parent":0,"menu_order":0,"comment_status":"closed","ping_status":"closed","template":"templates\/page-menu.php","meta":{"footnotes":""},"class_list":["post-39","page","type-page","status-publish","has-post-thumbnail","hentry"],"featured_image_urls":{"full":["https:\/\/acacau.com\/wp-content\/uploads\/2024\/04\/Cachupa-HighRes-scaled.jpg",1708,2560,false],"thumbnail":["https:\/\/acacau.com\/wp-content\/uploads\/2024\/04\/Cachupa-HighRes-150x150.jpg",150,150,true],"medium":["https:\/\/acacau.com\/wp-content\/uploads\/2024\/04\/Cachupa-HighRes-200x300.jpg",200,300,true],"medium_large":["https:\/\/acacau.com\/wp-content\/uploads\/2024\/04\/Cachupa-HighRes-768x1151.jpg",640,959,true],"large":["https:\/\/acacau.com\/wp-content\/uploads\/2024\/04\/Cachupa-HighRes-683x1024.jpg",640,960,true],"1536x1536":["https:\/\/acacau.com\/wp-content\/uploads\/2024\/04\/Cachupa-HighRes-1025x1536.jpg",1025,1536,true],"2048x2048":["https:\/\/acacau.com\/wp-content\/uploads\/2024\/04\/Cachupa-HighRes-1366x2048.jpg",1366,2048,true],"trp-custom-language-flag":["https:\/\/acacau.com\/wp-content\/uploads\/2024\/04\/Cachupa-HighRes-scaled.jpg",8,12,false],"aperitive-search-thumb":["https:\/\/acacau.com\/wp-content\/uploads\/2024\/04\/Cachupa-HighRes-200x300.jpg",200,300,true]},"post_excerpt_stackable":"<p>Reservar J\u00e1 Os menus Mam\u00e9 e Canua incluem entradas (rissois de camar\u00e3o, croquetes e past\u00e9is de massa tenra), um prato principal \u00e0 escolha e uma sobremesa.<\/p>\n","category_list":"","author_info":{"name":"fernanda","url":"https:\/\/acacau.com\/en\/author\/fernanda\/"},"comments_num":"0 comments","_links":{"self":[{"href":"https:\/\/acacau.com\/en\/wp-json\/wp\/v2\/pages\/39","targetHints":{"allow":["GET"]}}],"collection":[{"href":"https:\/\/acacau.com\/en\/wp-json\/wp\/v2\/pages"}],"about":[{"href":"https:\/\/acacau.com\/en\/wp-json\/wp\/v2\/types\/page"}],"author":[{"embeddable":true,"href":"https:\/\/acacau.com\/en\/wp-json\/wp\/v2\/users\/1"}],"replies":[{"embeddable":true,"href":"https:\/\/acacau.com\/en\/wp-json\/wp\/v2\/comments?post=39"}],"version-history":[{"count":28,"href":"https:\/\/acacau.com\/en\/wp-json\/wp\/v2\/pages\/39\/revisions"}],"predecessor-version":[{"id":532,"href":"https:\/\/acacau.com\/en\/wp-json\/wp\/v2\/pages\/39\/revisions\/532"}],"wp:featuredmedia":[{"embeddable":true,"href":"https:\/\/acacau.com\/en\/wp-json\/wp\/v2\/media\/68"}],"wp:attachment":[{"href":"https:\/\/acacau.com\/en\/wp-json\/wp\/v2\/media?parent=39"}],"curies":[{"name":"wp","href":"https:\/\/api.w.org\/{rel}","templated":true}]}}