{"id":158,"date":"2024-04-22T11:14:11","date_gmt":"2024-04-22T11:14:11","guid":{"rendered":"https:\/\/acacau.com\/?page_id=158"},"modified":"2025-01-17T14:46:12","modified_gmt":"2025-01-17T14:46:12","slug":"condicoes-reserva","status":"publish","type":"page","link":"https:\/\/acacau.com\/en\/condicoes-reserva\/","title":{"rendered":"Terms"},"content":{"rendered":"<h2 class=\"wp-block-heading\" style=\"font-size:40px\">Reservation Terms<\/h2>\n\n\n\n<p><\/p>\n\n\n\n<p><strong>Preparation and Service:<\/strong><br><br><strong>Localiza\u00e7\u00e3o:<\/strong> O servi\u00e7o est\u00e1 dispon\u00edvel em Lisboa, Oeiras, Cascais e Set\u00fabal, sendo o valor ajustado dependendo do local escolhido. As marca\u00e7\u00f5es devem ser realizadas com, pelo menos, uma semana de anteced\u00eancia.<\/p>\n\n\n\n<p><strong>Espa\u00e7o:<\/strong> A cozinha deve ter \u00e1reas amplas para a prepara\u00e7\u00e3o dos pratos.<br><strong><br>Loi\u00e7a:<\/strong> A loi\u00e7a para as refei\u00e7\u00f5es \u00e9 da responsabilidade do cliente.<br><br><strong>Utens\u00edlios:<\/strong> Os utens\u00edlios necess\u00e1rios para a confe\u00e7\u00e3o dos pratos tamb\u00e9m devem ser disponibilizados pelo cliente.<br><strong><br>Hor\u00e1rio de Chegada:<\/strong> Dependendo do n\u00famero de pessoas e do menu escolhido, informamos com anteced\u00eancia o hor\u00e1rio de chegada. Em geral, chegamos \u00e0 casa do cliente 2 a 3 horas antes de servir a refei\u00e7\u00e3o, podendo haver necessidade de ajuste deste tempo.<br><strong><br>Tempo de Confe\u00e7\u00e3o:<\/strong> Todos os pratos principais demoram no m\u00ednimo 2 horas para serem confeccionados. O tempo pode variar dependendo do menu escolhido.<\/p>\n\n\n\n<p class=\"translation-block\"><br>\n<strong>Service:<\/strong><br><br>\n<strong>Table Service:<\/strong> We serve at the table and share the story behind each dish.<br><br>\n<strong>Cleaning:<\/strong> We handle kitchen cleaning after meal preparation and service.<br><br>\n<strong>Extras:<\/strong> We can bring a few African-themed decor touches if the client wishes. Just let us know when booking.<br><br><\/p>\n\n\n\n<div class=\"wp-block-group has-background\" style=\"background-color:#ffe6be\"><div class=\"wp-block-group__inner-container is-layout-constrained wp-block-group-is-layout-constrained\"><\/div><\/div>\n\n\n\n<div style=\"height:25px\" aria-hidden=\"true\" class=\"wp-block-spacer\"><\/div>\n\n\n\n<div class=\"wp-block-buttons is-content-justification-center is-layout-flex wp-container-core-buttons-is-layout-16018d1d wp-block-buttons-is-layout-flex\">\n<div class=\"wp-block-button\"><a class=\"wp-block-button__link has-white-color has-text-color has-background has-link-color wp-element-button\" href=\"\/en\/reservas\/\" style=\"border-radius:12px;background-color:#0e8e60\">Book now<\/a><\/div>\n<\/div>","protected":false},"excerpt":{"rendered":"<p>Condi\u00e7\u00f5es de Reserva Prepara\u00e7\u00e3o e Servi\u00e7o: Localiza\u00e7\u00e3o: O servi\u00e7o est\u00e1 dispon\u00edvel em Lisboa, Oeiras, Cascais e Set\u00fabal, sendo o valor ajustado dependendo do local escolhido. As marca\u00e7\u00f5es devem ser realizadas com, pelo menos, uma semana de anteced\u00eancia. Espa\u00e7o: A cozinha deve ter \u00e1reas amplas para a prepara\u00e7\u00e3o dos pratos.Loi\u00e7a: A loi\u00e7a para as refei\u00e7\u00f5es \u00e9 [&hellip;]<\/p>\n<p><a class=\"moretag\" href=\"https:\/\/acacau.com\/en\/condicoes-reserva\/\">Read more<\/a><\/p>\n","protected":false},"author":1,"featured_media":445,"parent":0,"menu_order":0,"comment_status":"closed","ping_status":"closed","template":"","meta":{"footnotes":""},"class_list":["post-158","page","type-page","status-publish","has-post-thumbnail","hentry"],"featured_image_urls":{"full":["https:\/\/acacau.com\/wp-content\/uploads\/2024\/09\/Retrato_1.jpg",1379,2067,false],"thumbnail":["https:\/\/acacau.com\/wp-content\/uploads\/2024\/09\/Retrato_1-150x150.jpg",150,150,true],"medium":["https:\/\/acacau.com\/wp-content\/uploads\/2024\/09\/Retrato_1-200x300.jpg",200,300,true],"medium_large":["https:\/\/acacau.com\/wp-content\/uploads\/2024\/09\/Retrato_1-768x1151.jpg",640,959,true],"large":["https:\/\/acacau.com\/wp-content\/uploads\/2024\/09\/Retrato_1-683x1024.jpg",640,960,true],"1536x1536":["https:\/\/acacau.com\/wp-content\/uploads\/2024\/09\/Retrato_1-1025x1536.jpg",1025,1536,true],"2048x2048":["https:\/\/acacau.com\/wp-content\/uploads\/2024\/09\/Retrato_1-1366x2048.jpg",1366,2048,true],"trp-custom-language-flag":["https:\/\/acacau.com\/wp-content\/uploads\/2024\/09\/Retrato_1.jpg",8,12,false],"aperitive-search-thumb":["https:\/\/acacau.com\/wp-content\/uploads\/2024\/09\/Retrato_1-200x300.jpg",200,300,true]},"post_excerpt_stackable":"<p>Condi\u00e7\u00f5es de Reserva Prepara\u00e7\u00e3o e Servi\u00e7o:Localiza\u00e7\u00e3o: O servi\u00e7o est\u00e1 dispon\u00edvel em Lisboa, Oeiras, Cascais e Set\u00fabal, sendo o valor ajustado dependendo do local escolhido. As marca\u00e7\u00f5es devem ser realizadas com, pelo menos, uma semana de anteced\u00eancia. Espa\u00e7o: A cozinha deve ter \u00e1reas amplas para a prepara\u00e7\u00e3o dos pratos.Loi\u00e7a: A loi\u00e7a para as refei\u00e7\u00f5es \u00e9 da responsabilidade do cliente.Utens\u00edlios: Os utens\u00edlios necess\u00e1rios para a confe\u00e7\u00e3o dos pratos tamb\u00e9m devem ser disponibilizados pelo cliente.Hor\u00e1rio de Chegada: Dependendo do n\u00famero de pessoas e do menu escolhido, informamos com anteced\u00eancia o hor\u00e1rio de chegada. Em geral, chegamos \u00e0 casa do cliente 2 a 3&hellip;<\/p>\n","category_list":"","author_info":{"name":"fernanda","url":"https:\/\/acacau.com\/en\/author\/fernanda\/"},"comments_num":"0 comments","_links":{"self":[{"href":"https:\/\/acacau.com\/en\/wp-json\/wp\/v2\/pages\/158","targetHints":{"allow":["GET"]}}],"collection":[{"href":"https:\/\/acacau.com\/en\/wp-json\/wp\/v2\/pages"}],"about":[{"href":"https:\/\/acacau.com\/en\/wp-json\/wp\/v2\/types\/page"}],"author":[{"embeddable":true,"href":"https:\/\/acacau.com\/en\/wp-json\/wp\/v2\/users\/1"}],"replies":[{"embeddable":true,"href":"https:\/\/acacau.com\/en\/wp-json\/wp\/v2\/comments?post=158"}],"version-history":[{"count":44,"href":"https:\/\/acacau.com\/en\/wp-json\/wp\/v2\/pages\/158\/revisions"}],"predecessor-version":[{"id":597,"href":"https:\/\/acacau.com\/en\/wp-json\/wp\/v2\/pages\/158\/revisions\/597"}],"wp:featuredmedia":[{"embeddable":true,"href":"https:\/\/acacau.com\/en\/wp-json\/wp\/v2\/media\/445"}],"wp:attachment":[{"href":"https:\/\/acacau.com\/en\/wp-json\/wp\/v2\/media?parent=158"}],"curies":[{"name":"wp","href":"https:\/\/api.w.org\/{rel}","templated":true}]}}