{"id":110,"date":"2024-04-17T17:17:31","date_gmt":"2024-04-17T17:17:31","guid":{"rendered":"https:\/\/acacau.com\/?page_id=110"},"modified":"2025-01-22T10:52:30","modified_gmt":"2025-01-22T10:52:30","slug":"acacau-2","status":"publish","type":"page","link":"https:\/\/acacau.com\/en\/acacau-2\/","title":{"rendered":"A Cacau"},"content":{"rendered":"<h4 class=\"wp-block-heading translation-block\" style=\"font-size:40px\">A Journey Through <br> Culinary Heritage<\/h4>\n\n\n\n<p>26 years ago, Atiana and her mother, along with her siblings, arrived in Portugal, fleeing the war in search of a new beginning.<\/p>\n\n\n\n<p>Despite the challenging times they faced, they integrated into Western culture and customs, where Atiana felt part of the community.<\/p>\n\n\n\n<p>As time went on, she began to feel increasingly distant from her African roots, especially during her teenage years<\/p>\n\n\n<div class=\"wp-block-image\">\n<figure class=\"aligncenter size-full is-resized\"><img loading=\"lazy\" decoding=\"async\" width=\"560\" height=\"480\" src=\"https:\/\/acacau.com\/wp-content\/uploads\/2024\/04\/Heritage-1.png\" alt=\"\" class=\"wp-image-182\" style=\"width:469px;height:auto\" srcset=\"https:\/\/acacau.com\/wp-content\/uploads\/2024\/04\/Heritage-1.png 560w, https:\/\/acacau.com\/wp-content\/uploads\/2024\/04\/Heritage-1-300x257.png 300w, https:\/\/acacau.com\/wp-content\/uploads\/2024\/04\/Heritage-1-200x171.png 200w\" sizes=\"auto, (max-width: 560px) 100vw, 560px\" \/><\/figure>\n<\/div>\n\n\n<div class=\"wp-block-stackable-spacer stk-block-spacer stk--no-padding stk-block stk-90cfce4\" data-block-id=\"90cfce4\"><style>.stk-90cfce4{height:30px !important}<\/style><\/div>\n\n\n\n<p>O projeto gastron\u00f3mico A Cacau reflete o desejo profundo de Atiana voltar \u00e0s suas origens. Ao longo dos anos, cresceu nela a necessidade de se reconectar com a sua terra natal, de reviver os cheiros e sabores que guardava na mem\u00f3ria.<\/p>\n\n\n\n<p>Thus, she decided to honor her culture and country, expressing her gratitude for this calling through the art of cooking. By sharing one of the many treasures that Mother Africa keeps in her heart, Atiana hopes to convey a bit of the essence and richness of African cuisine.<\/p>\n\n\n\n<p><\/p>","protected":false},"excerpt":{"rendered":"<p>Uma Jornada pela heran\u00e7a culin\u00e1ria H\u00e1 26 anos, Atiana e a sua m\u00e3e, acompanhadas dos seus irm\u00e3os, chegaram a Portugal, fugindo da guerra em busca de um novo come\u00e7o. Apesar dos tempos desafiantes que passou, integrou-se na cultura e nos costumes ocidentais, onde se sentiu parte da comunidade. Conforme o tempo passava, percebia-se cada vez [&hellip;]<\/p>\n<p><a class=\"moretag\" href=\"https:\/\/acacau.com\/en\/acacau-2\/\">Read more<\/a><\/p>\n","protected":false},"author":1,"featured_media":613,"parent":0,"menu_order":0,"comment_status":"closed","ping_status":"closed","template":"","meta":{"footnotes":""},"class_list":["post-110","page","type-page","status-publish","has-post-thumbnail","hentry"],"featured_image_urls":{"full":["https:\/\/acacau.com\/wp-content\/uploads\/2025\/01\/acacau-fam-v3.jpg",498,523,false],"thumbnail":["https:\/\/acacau.com\/wp-content\/uploads\/2025\/01\/acacau-fam-v3-150x150.jpg",150,150,true],"medium":["https:\/\/acacau.com\/wp-content\/uploads\/2025\/01\/acacau-fam-v3-286x300.jpg",286,300,true],"medium_large":["https:\/\/acacau.com\/wp-content\/uploads\/2025\/01\/acacau-fam-v3.jpg",498,523,false],"large":["https:\/\/acacau.com\/wp-content\/uploads\/2025\/01\/acacau-fam-v3.jpg",498,523,false],"1536x1536":["https:\/\/acacau.com\/wp-content\/uploads\/2025\/01\/acacau-fam-v3.jpg",498,523,false],"2048x2048":["https:\/\/acacau.com\/wp-content\/uploads\/2025\/01\/acacau-fam-v3.jpg",498,523,false],"trp-custom-language-flag":["https:\/\/acacau.com\/wp-content\/uploads\/2025\/01\/acacau-fam-v3-11x12.jpg",11,12,true],"aperitive-search-thumb":["https:\/\/acacau.com\/wp-content\/uploads\/2025\/01\/acacau-fam-v3-200x210.jpg",200,210,true]},"post_excerpt_stackable":"<p>Uma Jornada pela heran\u00e7a culin\u00e1ria H\u00e1 26 anos, Atiana e a sua m\u00e3e, acompanhadas dos seus irm\u00e3os, chegaram a Portugal, fugindo da guerra em busca de um novo come\u00e7o. Apesar dos tempos desafiantes que passou, integrou-se na cultura e nos costumes ocidentais, onde se sentiu parte da comunidade. Conforme o tempo passava, percebia-se cada vez mais distante das suas ra\u00edzes africanas, especialmente na adolesc\u00eancia. O projeto gastron\u00f3mico A Cacau reflete o desejo profundo de Atiana voltar \u00e0s suas origens. Ao longo dos anos, cresceu nela a necessidade de se reconectar com a sua terra natal, de reviver os cheiros e&hellip;<\/p>\n","category_list":"","author_info":{"name":"fernanda","url":"https:\/\/acacau.com\/en\/author\/fernanda\/"},"comments_num":"0 comments","_links":{"self":[{"href":"https:\/\/acacau.com\/en\/wp-json\/wp\/v2\/pages\/110","targetHints":{"allow":["GET"]}}],"collection":[{"href":"https:\/\/acacau.com\/en\/wp-json\/wp\/v2\/pages"}],"about":[{"href":"https:\/\/acacau.com\/en\/wp-json\/wp\/v2\/types\/page"}],"author":[{"embeddable":true,"href":"https:\/\/acacau.com\/en\/wp-json\/wp\/v2\/users\/1"}],"replies":[{"embeddable":true,"href":"https:\/\/acacau.com\/en\/wp-json\/wp\/v2\/comments?post=110"}],"version-history":[{"count":21,"href":"https:\/\/acacau.com\/en\/wp-json\/wp\/v2\/pages\/110\/revisions"}],"predecessor-version":[{"id":577,"href":"https:\/\/acacau.com\/en\/wp-json\/wp\/v2\/pages\/110\/revisions\/577"}],"wp:featuredmedia":[{"embeddable":true,"href":"https:\/\/acacau.com\/en\/wp-json\/wp\/v2\/media\/613"}],"wp:attachment":[{"href":"https:\/\/acacau.com\/en\/wp-json\/wp\/v2\/media?parent=110"}],"curies":[{"name":"wp","href":"https:\/\/api.w.org\/{rel}","templated":true}]}}