{"id":106,"date":"2024-04-17T17:10:55","date_gmt":"2024-04-17T17:10:55","guid":{"rendered":"https:\/\/acacau.com\/?page_id=106"},"modified":"2024-09-10T15:53:44","modified_gmt":"2024-09-10T15:53:44","slug":"reservas","status":"publish","type":"page","link":"https:\/\/acacau.com\/en\/reservas\/","title":{"rendered":"Reservations"},"content":{"rendered":"\n<h2 class=\"wp-block-heading\" style=\"font-size:40px\">A sua experi\u00eancia <br>come\u00e7a agora!<\/h2>\n\n\n\n<p><\/p>\n\n\n\n<div class=\"wp-block-contact-form-7-contact-form-selector\">\n<div class=\"wpcf7 no-js\" id=\"wpcf7-f251-o1\" lang=\"pt-PT\" dir=\"ltr\" data-wpcf7-id=\"251\">\n<div class=\"screen-reader-response\"><p role=\"status\" aria-live=\"polite\" aria-atomic=\"true\"><\/p> <ul><\/ul><\/div>\n<form action=\"\/en\/wp-json\/wp\/v2\/pages\/106#wpcf7-f251-o1\" method=\"post\" class=\"wpcf7-form init contact-form\" aria-label=\"Formul\u00e1rio de contacto\" novalidate=\"novalidate\" data-status=\"init\">\n<fieldset class=\"hidden-fields-container\"><input type=\"hidden\" name=\"_wpcf7\" value=\"251\" \/><input type=\"hidden\" name=\"_wpcf7_version\" value=\"6.1.5\" \/><input type=\"hidden\" name=\"_wpcf7_locale\" value=\"pt_PT\" \/><input type=\"hidden\" name=\"_wpcf7_unit_tag\" value=\"wpcf7-f251-o1\" \/><input type=\"hidden\" name=\"_wpcf7_container_post\" value=\"0\" \/><input type=\"hidden\" name=\"_wpcf7_posted_data_hash\" value=\"\" \/><input type=\"hidden\" name=\"_uacf7_hidden_conditional_fields\" value=\"\" \/>\n<\/fieldset>\n    <style>\n                .uacf7-multistep-row .steps-form .steps-row .steps-step.step-complete .btn-circle,\n        .progressbar-style-4 .steps-form .steps-row .steps-step.step-complete .btn-circle {\n        \tbackground-color: #dd9933!important;\n        }\n                <\/style>\n\t\n\t<style>.uacf7-prev, .uacf7-next, .wpcf7-submit{padding-top:px !important; padding-bottom:px !important; padding-left:px !important;  padding-right:px !important;}  <\/style>\t\t\t\t\t<div class=\"uacf7-steps steps-form\" style=\"display:none\">\n\t\t\t\t\t\t<div class=\"steps-row setup-panel\">\n\t\t\t\t\t\t\t\t\t\t\t\t\t\t\t<div class=\"steps-step\">\n\t\t\t\t\t\t\t\t\t<a title-id=\".step-1\"\n\t\t\t\t\t\t\t\t\t\tdata-form-id=\"251\"\n\t\t\t\t\t\t\t\t\t\thref=\"#251step-1\"\n\t\t\t\t\t\t\t\t\t\ttype=\"button\">\n\t\t\t\t\t\t\t\t\t<\/a>\n\t\t\t\t\t\t\t\t<\/div>\n\t\t\t\t\t\t\t\t\t\t\t\t\t\t\t\t<div class=\"steps-step\">\n\t\t\t\t\t\t\t\t\t<a title-id=\".step-2\"\n\t\t\t\t\t\t\t\t\t\tdata-form-id=\"251\"\n\t\t\t\t\t\t\t\t\t\thref=\"#251step-2\"\n\t\t\t\t\t\t\t\t\t\ttype=\"button\">\n\t\t\t\t\t\t\t\t\t<\/a>\n\t\t\t\t\t\t\t\t<\/div>\n\t\t\t\t\t\t\t\t\t\t\t\t\t\t\t\t<div class=\"steps-step\">\n\t\t\t\t\t\t\t\t\t<a title-id=\".step-3\"\n\t\t\t\t\t\t\t\t\t\tdata-form-id=\"251\"\n\t\t\t\t\t\t\t\t\t\thref=\"#251step-3\"\n\t\t\t\t\t\t\t\t\t\ttype=\"button\">\n\t\t\t\t\t\t\t\t\t<\/a>\n\t\t\t\t\t\t\t\t<\/div>\n\t\t\t\t\t\t\t\t\t\t\t\t\t\t<\/div>\n\t\t\t\t\t<\/div>\n\t\t\t\t\n\t\t\t\t\t<style>\n\t\t.steps-form .steps-row .steps-step .btn-circle {\n\t\t\t\t\t\t\t\t\t\t\t\t\t\t\tbackground-color: #ddc78d !important;\t\t\t\t\t\t\t\t}\n\n\t\t.steps-form .steps-row .steps-step .btn-circle img {\n\t\t\tborder-radius: px !important;\t\t}\n\n\t\t.steps-form .steps-row .steps-step .btn-circle.uacf7-btn-active,\n\t\t.steps-form .steps-row .steps-step .btn-circle:hover,\n\t\t.steps-form .steps-row .steps-step .btn-circle:focus,\n\t\t.steps-form .steps-row .steps-step .btn-circle:active {\n\t\t\tbackground-color: #dd9933 !important;\t\t\t\t\t}\n\n\t\t.steps-form .steps-row .steps-step p {\n\t\t\t\t\t}\n\n\t\t.steps-form .steps-row::before {\n\t\t\t\t\t}\n\n\t\t\t<\/style>\n\t\t<style>\n\t\t.uacf7-form-251 .step-content .uacf7-next,\n\t\t.uacf7-form-251 .step-content .uacf7-prev\n\t\t{\n\t\t\tbackground-color: ;\n\t\t\tcolor: ;\n\t\t\tborder-color: ;\n\t\t\tborder-radius: px;\n\t\t}\n\t\t.uacf7-form-251 .step-content .uacf7-next:hover,\n\t\t.uacf7-form-251 .step-content .uacf7-prev:hover\n\t\t{\n\t\t\tbackground-color: ;\n\t\t\tcolor: ;\n\t\t\tborder-color: ;\n\t\t}\n\t<\/style>\n\t\t\t\t\t\t\t\t\t\t\t\n\t\t\t\t\t\t\t\t\t\t\t\t\n\t\t\t\t\t\t\t\t\t\t\t\t<div class=\"uacf7-steps steps-form progressbar-style-1\">\n\t\t\t\t\t\t\t<div class=\"steps-row setup-panel\">\n\t\t\t\t\t\t\t\t\n\t\t\t\t\t\t\t\t\t<div class=\"steps-step\">\n\t\t\t\t\t\t\t\t\t\t<a title-id=\".step-1\"\n\t\t\t\t\t\t\t\t\t\t\tdata-form-id=\"251\"\n\t\t\t\t\t\t\t\t\t\t\thref=\"#251step-1\" type=\"button\"\n\t\t\t\t\t\t\t\t\t\t\tclass=\"btn uacf7-btn-active btn-circle\"><p>1. Op\u00e7\u00f5es do Menu<\/p>\t\t\t\t\t\t\t\t\t\t<\/a>\n\t\t\t\t\t\t\t\t\t\t<div class=\"steps-info\">\n\t\t\t\t\t\t\t\t\t\t\t\t\t\t\t\t\t\t\t\t\t<\/div>\n\t\t\t\t\t\t\t\t\t<\/div>\n\t\t\t\t\t\t\t\t\t\n\t\t\t\t\t\t\t\t\t<div class=\"steps-step\">\n\t\t\t\t\t\t\t\t\t\t<a title-id=\".step-2\"\n\t\t\t\t\t\t\t\t\t\t\tdata-form-id=\"251\"\n\t\t\t\t\t\t\t\t\t\t\thref=\"#251step-2\" type=\"button\"\n\t\t\t\t\t\t\t\t\t\t\tclass=\"btn uacf7-btn-default btn-circle\"><p>2. Calend\u00e1rio<\/p>\t\t\t\t\t\t\t\t\t\t<\/a>\n\t\t\t\t\t\t\t\t\t\t<div class=\"steps-info\">\n\t\t\t\t\t\t\t\t\t\t\t\t\t\t\t\t\t\t\t\t\t<\/div>\n\t\t\t\t\t\t\t\t\t<\/div>\n\t\t\t\t\t\t\t\t\t\n\t\t\t\t\t\t\t\t\t<div class=\"steps-step\">\n\t\t\t\t\t\t\t\t\t\t<a title-id=\".step-3\"\n\t\t\t\t\t\t\t\t\t\t\tdata-form-id=\"251\"\n\t\t\t\t\t\t\t\t\t\t\thref=\"#251step-3\" type=\"button\"\n\t\t\t\t\t\t\t\t\t\t\tclass=\"btn uacf7-btn-default btn-circle\"><p>3. Contacto<\/p>\t\t\t\t\t\t\t\t\t\t<\/a>\n\t\t\t\t\t\t\t\t\t\t<div class=\"steps-info\">\n\t\t\t\t\t\t\t\t\t\t\t\t\t\t\t\t\t\t\t\t\t<\/div>\n\t\t\t\t\t\t\t\t\t<\/div>\n\t\t\t\t\t\t\t\t\t\t\t\t\t\t\t\t<\/div>\n\t\t\t\t\t\t<\/div>\n\t\t\t\t\t\t\t\t\t\t\t\t\t\t\t\t\t<div class=\"uacf7-multisetp-form\">\n\t\t\t<div class=\"uacf7-form-wrapper-container uacf7-form-251  \">\t\t<div class=\"uacf7-step uacf7-step-251 step-content\"\n\t\t\tnext-btn-text=\"\" prev-btn-text=\"\">\n\t\t\t\n<label>N\u00famero de pessoas \n<span class=\"wpcf7-form-control-wrap\" data-name=\"menu-people\"><select class=\"wpcf7-form-control wpcf7-select wpcf7-validates-as-required\" id=\"menu-people\" aria-required=\"true\" aria-invalid=\"false\" name=\"menu-people\"><option value=\"10\">10<\/option><option value=\"11\">11<\/option><option value=\"12\">12<\/option><option value=\"13\">13<\/option><option value=\"14\">14<\/option><option value=\"15\">15<\/option><\/select><\/span>\n<\/label>\n<label>Localidade\n<span class=\"wpcf7-form-control-wrap\" data-name=\"localidade\"><select class=\"wpcf7-form-control wpcf7-select wpcf7-validates-as-required\" id=\"location\" aria-required=\"true\" aria-invalid=\"false\" name=\"localidade\"><option value=\"Lisboa\">Lisboa<\/option><option value=\"Oeiras\">Oeiras<\/option><option value=\"Cascais\">Cascais<\/option><option value=\"Set\u00fabal\">Set\u00fabal<\/option><\/select><\/span>\n<\/label>\n<label> Escolha o Men\u00fa\n<span class=\"wpcf7-form-control-wrap\" data-name=\"menu-options\"><select class=\"wpcf7-form-control wpcf7-select wpcf7-validates-as-required\" aria-required=\"true\" aria-invalid=\"false\" name=\"menu-options\"><option value=\"\">\u2014Por favor escolha uma op\u00e7\u00e3o\u2014<\/option><option value=\"Mam\u00e9\">Mam\u00e9<\/option><option value=\"Canua\">Canua<\/option><\/select><\/span><\/label>\n<div class=\"uacf7_conditional conditional-mame\">\n<span class=\"wpcf7-form-control-wrap\" data-name=\"menu-mame\"><select class=\"wpcf7-form-control wpcf7-select wpcf7-validates-as-required\" id=\"menu-item-1\" aria-required=\"true\" aria-invalid=\"false\" name=\"menu-mame\"><option value=\"\">\u2014Por favor escolha uma op\u00e7\u00e3o\u2014<\/option><option value=\"Cachupa\">Cachupa<\/option><option value=\"Caldo de Mancara\">Caldo de Mancara<\/option><option value=\"Caldo de Chab\u00e9u\">Caldo de Chab\u00e9u<\/option><option value=\"Frango Cafriela\">Frango Cafriela<\/option><\/select><\/span>\n<\/div>\n<div class=\"uacf7_conditional conditional-canua\">\n<span class=\"wpcf7-form-control-wrap\" data-name=\"menu-canua\"><select class=\"wpcf7-form-control wpcf7-select wpcf7-validates-as-required\" id=\"menu-item-2\" aria-required=\"true\" aria-invalid=\"false\" name=\"menu-canua\"><option value=\"\">\u2014Por favor escolha uma op\u00e7\u00e3o\u2014<\/option><option value=\"Bagre Fumado com Citi\">Bagre Fumado com Citi<\/option><option value=\"Peixe Grelhado com Molho de Cebola\">Peixe Grelhado com Molho de Cebola<\/option><option value=\"Caril de Peixe com Marisco\">Caril de Peixe com Marisco<\/option><\/select><\/span>\n<\/div>\n<label> Sobremesa <\/label>\n<span class=\"wpcf7-form-control-wrap\" data-name=\"menu-sobremesa\"><select class=\"wpcf7-form-control wpcf7-select wpcf7-validates-as-required\" id=\"menu-desert\" aria-required=\"true\" aria-invalid=\"false\" name=\"menu-sobremesa\"><option value=\"\">\u2014Por favor escolha uma op\u00e7\u00e3o\u2014<\/option><option value=\"Mousse de Manga\">Mousse de Manga<\/option><option value=\"Mousse de Chocolate\">Mousse de Chocolate<\/option><option value=\"Tarte de Nozes com Doce de Ovos\">Tarte de Nozes com Doce de Ovos<\/option><option value=\"Doce de Papaia\">Doce de Papaia<\/option><\/select><\/span>\n\n<div id=\"result\"><\/div>\n\t\t\t<p class=\"uacf7-buttons\">\n\t\t\t\t<button class=\"uacf7-prev\"\n\t\t\t\t\tdata-form-id=\"251\">Previous<\/button>\n\t\t\t\t<button class=\"uacf7-next\"\n\t\t\t\t\tdata-form-id=\"251\">Next<\/button>\n\t\t\t\t<span class=\"wpcf7-spinner uacf7-ajax-loader\"><\/span>\n\t\t\t<\/p>\n\t\t<\/div>\n\t\t\n\n\t\t<div class=\"uacf7-step uacf7-step-251 step-content\"\n\t\t\tnext-btn-text=\"\" prev-btn-text=\"\">\n\t\t\t\n<label> Escolha uma data\n<span class=\"wpcf7-form-control-wrap uacf7_booking_form_date-859\"><input class=\"wpcf7-form-control wpcf7-uacf7_booking_form_date wpcf7-validates-as-required wpcf7-validates-as-date bf-form-input-date\" date-data=\"{&quot;bf_enable&quot;:&quot;1&quot;,&quot;date_mode_front&quot;:&quot;single&quot;,&quot;bf_date_theme&quot;:&quot;material_orange&quot;,&quot;bf_allowed_date&quot;:&quot;always&quot;,&quot;allowed_start_date&quot;:&quot;&quot;,&quot;allowed_end_date&quot;:&quot;&quot;,&quot;allowed_specific_date&quot;:[&quot;2024\\\/11\\\/15&quot;],&quot;min_date&quot;:&quot;2024\\\/11\\\/19&quot;,&quot;max_date&quot;:&quot;2025\\\/11\\\/30&quot;,&quot;disable_day_1&quot;:1,&quot;disable_day_2&quot;:2,&quot;disable_day_3&quot;:3,&quot;disable_day_4&quot;:4,&quot;disable_day_5&quot;:8,&quot;disable_day_6&quot;:8,&quot;disable_day_0&quot;:8,&quot;disabled_start_date&quot;:&quot;&quot;,&quot;disabled_end_date&quot;:&quot;&quot;,&quot;disabled_specific_date&quot;:[&quot;2025\\\/01\\\/11&quot;,&quot; 2025\\\/01\\\/12&quot;],&quot;bf_woo&quot;:&quot;&quot;,&quot;bf_product&quot;:&quot;exist&quot;,&quot;bf_product_id&quot;:&quot;&quot;,&quot;bf_product_name&quot;:&quot;&quot;,&quot;bf_product_price&quot;:&quot;&quot;,&quot;store_data&quot;:&quot;[]&quot;}\" id=\"uacf7_booking_form_date-859\" aria-required=\"true\" aria-invalid=\"false\" value=\"\" type=\"uacf7_booking_form_date\" name=\"uacf7_booking_form_date-859\" autocomplete=\"off\" \/><\/span>\n<\/label>\n\t\t\t<p class=\"uacf7-buttons\">\n\t\t\t\t<button class=\"uacf7-prev\"\n\t\t\t\t\tdata-form-id=\"251\">Previous<\/button>\n\t\t\t\t<button class=\"uacf7-next\"\n\t\t\t\t\tdata-form-id=\"251\">Next<\/button>\n\t\t\t\t<span class=\"wpcf7-spinner uacf7-ajax-loader\"><\/span>\n\t\t\t<\/p>\n\t\t<\/div>\n\t\t\n\n\t\t<div class=\"uacf7-step uacf7-step-251 step-content\"\n\t\t\tnext-btn-text=\"\" prev-btn-text=\"\">\n\t\t\t\n<label> Seu nome\n    <span class=\"wpcf7-form-control-wrap\" data-name=\"your-name\"><input size=\"40\" maxlength=\"400\" class=\"wpcf7-form-control wpcf7-text wpcf7-validates-as-required\" autocomplete=\"name\" aria-required=\"true\" aria-invalid=\"false\" value=\"\" type=\"text\" name=\"your-name\" \/><\/span> <\/label>\n\n<label> Seu email\n    <span class=\"wpcf7-form-control-wrap\" data-name=\"your-email\"><input size=\"40\" maxlength=\"400\" class=\"wpcf7-form-control wpcf7-email wpcf7-validates-as-required wpcf7-text wpcf7-validates-as-email\" autocomplete=\"email\" aria-required=\"true\" aria-invalid=\"false\" value=\"\" type=\"email\" name=\"your-email\" \/><\/span> <\/label>\n\n<label> Telefone de contacto\n    <span class=\"wpcf7-form-control-wrap\" data-name=\"your-phone\"><input size=\"40\" maxlength=\"400\" class=\"wpcf7-form-control wpcf7-tel wpcf7-validates-as-required wpcf7-text wpcf7-validates-as-tel\" aria-required=\"true\" aria-invalid=\"false\" value=\"\" type=\"tel\" name=\"your-phone\" \/><\/span> <\/label>\n\n<input class=\"wpcf7-form-control wpcf7-submit has-spinner btn-reservar wp-block-button__link has-white-color\" type=\"submit\" value=\"Reservar\" \/>\n\n\t\t\t<p class=\"uacf7-buttons\">\n\t\t\t\t<button class=\"uacf7-prev\"\n\t\t\t\t\tdata-form-id=\"251\">Previous<\/button>\n\t\t\t\t<button class=\"uacf7-next\"\n\t\t\t\t\tdata-form-id=\"251\">Next<\/button>\n\t\t\t\t<span class=\"wpcf7-spinner uacf7-ajax-loader\"><\/span>\n\t\t\t<\/p>\n\t\t<\/div>\n\t\t<link rel=\"stylesheet\" type=\"text\/css\" href=\"https:\/\/acacau.com\/wp-content\/plugins\/ultimate-addons-for-contact-form-7-pro\/addons\/booking-form\/assets\/flatpickr\/themes\/material_orange.css\"><\/div>\t\t<\/div>\n\t<div class=\"wpcf7-response-output\" aria-hidden=\"true\"><\/div>\n<\/form>\n<\/div>\n<\/div>\n\n\n\n<div style=\"height:35px\" aria-hidden=\"true\" class=\"wp-block-spacer\"><\/div>\n\n\n\n<p style=\"font-size:12px\">Se tiver alguma d\u00favida ou pedido especial, contacte-nos por <span style=\"color: #dfb864;\" class=\"stk-highlight\"><strong><a href=\"mailto:acacaucacau@gmail.com\" data-type=\"mailto\" data-id=\"mailto:acacaucacau@gmail.com\">aqui<\/a><\/strong><\/span>!<\/p>\n","protected":false},"excerpt":{"rendered":"<p>A sua experi\u00eancia come\u00e7a agora! Se tiver alguma d\u00favida ou pedido especial, contacte-nos por aqui!<\/p>\n<p><a class=\"moretag\" href=\"https:\/\/acacau.com\/en\/reservas\/\">Read more<\/a><\/p>","protected":false},"author":1,"featured_media":448,"parent":0,"menu_order":0,"comment_status":"closed","ping_status":"closed","template":"","meta":{"footnotes":""},"class_list":["post-106","page","type-page","status-publish","has-post-thumbnail","hentry"],"featured_image_urls":{"full":["https:\/\/acacau.com\/wp-content\/uploads\/2024\/09\/Retrato_2.jpg",1379,2067,false],"thumbnail":["https:\/\/acacau.com\/wp-content\/uploads\/2024\/09\/Retrato_2-150x150.jpg",150,150,true],"medium":["https:\/\/acacau.com\/wp-content\/uploads\/2024\/09\/Retrato_2-200x300.jpg",200,300,true],"medium_large":["https:\/\/acacau.com\/wp-content\/uploads\/2024\/09\/Retrato_2-768x1151.jpg",640,959,true],"large":["https:\/\/acacau.com\/wp-content\/uploads\/2024\/09\/Retrato_2-683x1024.jpg",640,960,true],"1536x1536":["https:\/\/acacau.com\/wp-content\/uploads\/2024\/09\/Retrato_2-1025x1536.jpg",1025,1536,true],"2048x2048":["https:\/\/acacau.com\/wp-content\/uploads\/2024\/09\/Retrato_2-1366x2048.jpg",1366,2048,true],"trp-custom-language-flag":["https:\/\/acacau.com\/wp-content\/uploads\/2024\/09\/Retrato_2.jpg",8,12,false],"aperitive-search-thumb":["https:\/\/acacau.com\/wp-content\/uploads\/2024\/09\/Retrato_2-200x300.jpg",200,300,true]},"post_excerpt_stackable":"<p>A sua experi\u00eancia come\u00e7a agora! 1. Op\u00e7\u00f5es do Menu 2. Calend\u00e1rio 3. Contacto N\u00famero de pessoas 101112131415 Localidade LisboaOeirasCascaisSet\u00fabal Escolha o Men\u00fa \u2014Por favor escolha uma op\u00e7\u00e3o\u2014Mam\u00e9Canua \u2014Por favor escolha uma op\u00e7\u00e3o\u2014CachupaCaldo de MancaraCaldo de Chab\u00e9uFrango Cafriela \u2014Por favor escolha uma op\u00e7\u00e3o\u2014Bagre Fumado com CitiPeixe Grelhado com Molho de CebolaCaril de Peixe com Marisco Sobremesa \u2014Por favor escolha uma op\u00e7\u00e3o\u2014Mousse de MangaMousse de ChocolateTarte de Nozes com Doce de OvosDoce de Papaia Previous Next Escolha uma data Previous Next Seu nome Seu email Telefone de contacto Previous Next Se tiver alguma d\u00favida ou pedido especial, contacte-nos por aqui!<\/p>\n","category_list":"","author_info":{"name":"fernanda","url":"https:\/\/acacau.com\/en\/author\/fernanda\/"},"comments_num":"0 comments","_links":{"self":[{"href":"https:\/\/acacau.com\/en\/wp-json\/wp\/v2\/pages\/106","targetHints":{"allow":["GET"]}}],"collection":[{"href":"https:\/\/acacau.com\/en\/wp-json\/wp\/v2\/pages"}],"about":[{"href":"https:\/\/acacau.com\/en\/wp-json\/wp\/v2\/types\/page"}],"author":[{"embeddable":true,"href":"https:\/\/acacau.com\/en\/wp-json\/wp\/v2\/users\/1"}],"replies":[{"embeddable":true,"href":"https:\/\/acacau.com\/en\/wp-json\/wp\/v2\/comments?post=106"}],"version-history":[{"count":23,"href":"https:\/\/acacau.com\/en\/wp-json\/wp\/v2\/pages\/106\/revisions"}],"predecessor-version":[{"id":490,"href":"https:\/\/acacau.com\/en\/wp-json\/wp\/v2\/pages\/106\/revisions\/490"}],"wp:featuredmedia":[{"embeddable":true,"href":"https:\/\/acacau.com\/en\/wp-json\/wp\/v2\/media\/448"}],"wp:attachment":[{"href":"https:\/\/acacau.com\/en\/wp-json\/wp\/v2\/media?parent=106"}],"curies":[{"name":"wp","href":"https:\/\/api.w.org\/{rel}","templated":true}]}}